{"id":6,"date":"2025-11-12T14:04:19","date_gmt":"2025-11-12T14:04:19","guid":{"rendered":"https:\/\/soundmate.rkinformatika.online\/?page_id=6"},"modified":"2025-11-14T11:56:27","modified_gmt":"2025-11-14T11:56:27","slug":"servicios","status":"publish","type":"page","link":"https:\/\/electronicamiramax.es\/en\/servicios\/","title":{"rendered":"Services"},"content":{"rendered":"<div data-elementor-type=\"wp-page\" data-elementor-id=\"6\" class=\"elementor elementor-6\" data-elementor-post-type=\"page\">\n\t\t\t\t<div class=\"elementor-element elementor-element-9e9e288 e-flex e-con-boxed e-con e-parent\" data-id=\"9e9e288\" data-element_type=\"container\" data-e-type=\"container\" data-settings=\"{&quot;background_background&quot;:&quot;classic&quot;}\">\n\t\t\t\t\t<div class=\"e-con-inner\">\n\t\t<div class=\"elementor-element elementor-element-292eb0f e-con-full e-flex e-con e-child\" data-id=\"292eb0f\" data-element_type=\"container\" data-e-type=\"container\">\n\t\t\t\t<\/div>\n\t\t\t\t\t<\/div>\n\t\t\t\t<\/div>\n\t\t<div class=\"elementor-element elementor-element-88f1c69 e-flex e-con-boxed e-con e-parent\" data-id=\"88f1c69\" data-element_type=\"container\" data-e-type=\"container\">\n\t\t\t\t\t<div class=\"e-con-inner\">\n\t\t<div class=\"elementor-element elementor-element-8dfed44 e-con-full e-flex e-con e-child\" data-id=\"8dfed44\" data-element_type=\"container\" data-e-type=\"container\">\n\t\t\t\t<div class=\"elementor-element elementor-element-c590fb8 elementor-invisible elementor-widget elementor-widget-heading\" data-id=\"c590fb8\" data-element_type=\"widget\" data-e-type=\"widget\" data-settings=\"{&quot;_animation&quot;:&quot;fadeIn&quot;,&quot;_animation_delay&quot;:50}\" data-widget_type=\"heading.default\">\n\t\t\t\t\t<h2 class=\"elementor-heading-title elementor-size-default\">productos<\/h2>\t\t\t\t<\/div>\n\t\t\t\t<div class=\"elementor-element elementor-element-f381a57 eael-dual-header-content-align-left e-transform elementor-widget elementor-widget-eael-dual-color-header\" data-id=\"f381a57\" data-element_type=\"widget\" data-e-type=\"widget\" data-settings=\"{&quot;_transform_skewX_effect&quot;:{&quot;unit&quot;:&quot;px&quot;,&quot;size&quot;:&quot;&quot;,&quot;sizes&quot;:[]},&quot;_transform_skewX_effect_tablet&quot;:{&quot;unit&quot;:&quot;deg&quot;,&quot;size&quot;:&quot;&quot;,&quot;sizes&quot;:[]},&quot;_transform_skewX_effect_mobile&quot;:{&quot;unit&quot;:&quot;deg&quot;,&quot;size&quot;:&quot;&quot;,&quot;sizes&quot;:[]},&quot;_transform_skewY_effect&quot;:{&quot;unit&quot;:&quot;px&quot;,&quot;size&quot;:&quot;&quot;,&quot;sizes&quot;:[]},&quot;_transform_skewY_effect_tablet&quot;:{&quot;unit&quot;:&quot;deg&quot;,&quot;size&quot;:&quot;&quot;,&quot;sizes&quot;:[]},&quot;_transform_skewY_effect_mobile&quot;:{&quot;unit&quot;:&quot;deg&quot;,&quot;size&quot;:&quot;&quot;,&quot;sizes&quot;:[]}}\" data-widget_type=\"eael-dual-color-header.default\">\n\t\t\t\t\t\t\t\t<div class=\"eael-dual-header\">\n\t\t\t\t<h1 class=\"title eael-dch-title\"><span class=\"eael-dch-title-text eael-dch-title-lead lead solid-color\">Nuestro<br><\/span> <span class=\"eael-dch-title-text\">Productos<\/span><\/h1>\t\t\t<\/div>\n\n\t\t\t\t\t\t<\/div>\n\t\t\t\t<div class=\"elementor-element elementor-element-71ed448 elementor-widget elementor-widget-text-editor\" data-id=\"71ed448\" data-element_type=\"widget\" data-e-type=\"widget\" data-widget_type=\"text-editor.default\">\n\t\t\t\t\t\t\t\t\t<p>Nuestro almac\u00e9n de 2000 m2 se encuentra en Madrid, Espa\u00f1a, desde donde proveemos a toda Espa\u00f1a, Portugal, Francia, etc&#8230;.<\/p><p>Nos orgullecemos de ser un equipo formado por profesionales totalmente cualificados para desempe\u00f1ar cada una de sus funciones.<\/p>\t\t\t\t\t\t\t\t<\/div>\n\t\t\t\t<\/div>\n\t\t<div class=\"elementor-element elementor-element-1fcdd33 e-con-full e-flex e-con e-child\" data-id=\"1fcdd33\" data-element_type=\"container\" data-e-type=\"container\">\n\t\t\t\t<div class=\"elementor-element elementor-element-3d2a00a elementor-flip-box--effect-fade elementor-widget elementor-widget-flip-box\" data-id=\"3d2a00a\" data-element_type=\"widget\" data-e-type=\"widget\" data-widget_type=\"flip-box.default\">\n\t\t\t\t\t\t\t<div class=\"elementor-flip-box\" tabindex=\"0\">\n\t\t\t<div class=\"elementor-flip-box__layer elementor-flip-box__front\">\n\t\t\t\t<div class=\"elementor-flip-box__layer__overlay\">\n\t\t\t\t\t<div class=\"elementor-flip-box__layer__inner\">\n\t\t\t\t\t\t\n\t\t\t\t\t\t\n\t\t\t\t\t\t\t\t\t\t\t<\/div>\n\t\t\t\t<\/div>\n\t\t\t<\/div>\n\t\t\t<div class=\"elementor-flip-box__layer elementor-flip-box__back\">\n\t\t\t<div class=\"elementor-flip-box__layer__overlay\">\n\t\t\t\t<div class=\"elementor-flip-box__layer__inner\">\n\t\t\t\t\t\n\t\t\t\t\t\n\t\t\t\t\t\t\t\t<\/div>\n\t\t<\/div>\n\t\t<\/div>\n\t\t<\/div>\n\t\t\t\t\t\t<\/div>\n\t\t\t\t<\/div>\n\t\t\t\t\t<\/div>\n\t\t\t\t<\/div>\n\t\t<div class=\"elementor-element elementor-element-cb82c83 e-grid e-con-boxed e-con e-parent\" data-id=\"cb82c83\" data-element_type=\"container\" data-e-type=\"container\">\n\t\t\t\t\t<div class=\"e-con-inner\">\n\t\t\t\t<div class=\"elementor-element elementor-element-5cc1160 elementor-flip-box--effect-fade elementor-widget elementor-widget-flip-box\" data-id=\"5cc1160\" data-element_type=\"widget\" data-e-type=\"widget\" data-widget_type=\"flip-box.default\">\n\t\t\t\t\t\t\t<div class=\"elementor-flip-box\" tabindex=\"0\">\n\t\t\t<div class=\"elementor-flip-box__layer elementor-flip-box__front\">\n\t\t\t\t<div class=\"elementor-flip-box__layer__overlay\">\n\t\t\t\t\t<div class=\"elementor-flip-box__layer__inner\">\n\t\t\t\t\t\t\n\t\t\t\t\t\t\n\t\t\t\t\t\t\t\t\t\t\t<\/div>\n\t\t\t\t<\/div>\n\t\t\t<\/div>\n\t\t\t<div class=\"elementor-flip-box__layer elementor-flip-box__back\">\n\t\t\t<div class=\"elementor-flip-box__layer__overlay\">\n\t\t\t\t<div class=\"elementor-flip-box__layer__inner\">\n\t\t\t\t\t\n\t\t\t\t\t\n\t\t\t\t\t\t\t\t<\/div>\n\t\t<\/div>\n\t\t<\/div>\n\t\t<\/div>\n\t\t\t\t\t\t<\/div>\n\t\t\t\t<div class=\"elementor-element elementor-element-75809d3 elementor-flip-box--effect-fade elementor-widget elementor-widget-flip-box\" data-id=\"75809d3\" data-element_type=\"widget\" data-e-type=\"widget\" data-widget_type=\"flip-box.default\">\n\t\t\t\t\t\t\t<div class=\"elementor-flip-box\" tabindex=\"0\">\n\t\t\t<div class=\"elementor-flip-box__layer elementor-flip-box__front\">\n\t\t\t\t<div class=\"elementor-flip-box__layer__overlay\">\n\t\t\t\t\t<div class=\"elementor-flip-box__layer__inner\">\n\t\t\t\t\t\t\n\t\t\t\t\t\t\n\t\t\t\t\t\t\t\t\t\t\t<\/div>\n\t\t\t\t<\/div>\n\t\t\t<\/div>\n\t\t\t<div class=\"elementor-flip-box__layer elementor-flip-box__back\">\n\t\t\t<div class=\"elementor-flip-box__layer__overlay\">\n\t\t\t\t<div class=\"elementor-flip-box__layer__inner\">\n\t\t\t\t\t\n\t\t\t\t\t\n\t\t\t\t\t\t\t\t<\/div>\n\t\t<\/div>\n\t\t<\/div>\n\t\t<\/div>\n\t\t\t\t\t\t<\/div>\n\t\t\t\t<div class=\"elementor-element elementor-element-9b10683 elementor-flip-box--effect-fade elementor-widget elementor-widget-flip-box\" data-id=\"9b10683\" data-element_type=\"widget\" data-e-type=\"widget\" data-widget_type=\"flip-box.default\">\n\t\t\t\t\t\t\t<div class=\"elementor-flip-box\" tabindex=\"0\">\n\t\t\t<div class=\"elementor-flip-box__layer elementor-flip-box__front\">\n\t\t\t\t<div class=\"elementor-flip-box__layer__overlay\">\n\t\t\t\t\t<div class=\"elementor-flip-box__layer__inner\">\n\t\t\t\t\t\t\n\t\t\t\t\t\t\n\t\t\t\t\t\t\t\t\t\t\t<\/div>\n\t\t\t\t<\/div>\n\t\t\t<\/div>\n\t\t\t<div class=\"elementor-flip-box__layer elementor-flip-box__back\">\n\t\t\t<div class=\"elementor-flip-box__layer__overlay\">\n\t\t\t\t<div class=\"elementor-flip-box__layer__inner\">\n\t\t\t\t\t\n\t\t\t\t\t\n\t\t\t\t\t\t\t\t<\/div>\n\t\t<\/div>\n\t\t<\/div>\n\t\t<\/div>\n\t\t\t\t\t\t<\/div>\n\t\t\t\t\t<\/div>\n\t\t\t\t<\/div>\n\t\t<div class=\"elementor-element elementor-element-c900c74 e-flex e-con-boxed e-con e-parent\" data-id=\"c900c74\" data-element_type=\"container\" data-e-type=\"container\" data-settings=\"{&quot;background_background&quot;:&quot;classic&quot;}\">\n\t\t\t\t\t<div class=\"e-con-inner\">\n\t\t\t\t<div class=\"elementor-element elementor-element-1bcff5c elementor-invisible elementor-widget elementor-widget-heading\" data-id=\"1bcff5c\" data-element_type=\"widget\" data-e-type=\"widget\" data-settings=\"{&quot;_animation&quot;:&quot;fadeInDown&quot;}\" data-widget_type=\"heading.default\">\n\t\t\t\t\t<h2 class=\"elementor-heading-title elementor-size-default\">\u00a1Hogar inteligente, decisiones inteligentes!<\/h2>\t\t\t\t<\/div>\n\t\t\t\t<div class=\"elementor-element elementor-element-24a951e elementor-invisible elementor-widget elementor-widget-button\" data-id=\"24a951e\" data-element_type=\"widget\" data-e-type=\"widget\" data-settings=\"{&quot;_animation&quot;:&quot;fadeInDown&quot;}\" data-widget_type=\"button.default\">\n\t\t\t\t\t\t\t\t\t\t<a class=\"elementor-button elementor-button-link elementor-size-sm elementor-animation-float\" href=\"\/en\/contacto\/\">\n\t\t\t\t\t\t<span class=\"elementor-button-content-wrapper\">\n\t\t\t\t\t\t\t\t\t<span class=\"elementor-button-text\">Cont\u00e1ctanos<\/span>\n\t\t\t\t\t<\/span>\n\t\t\t\t\t<\/a>\n\t\t\t\t\t\t\t\t<\/div>\n\t\t\t\t\t<\/div>\n\t\t\t\t<\/div>\n\t\t<div class=\"elementor-element elementor-element-19b25b1 e-flex e-con-boxed e-con e-parent\" data-id=\"19b25b1\" data-element_type=\"container\" data-e-type=\"container\">\n\t\t\t\t\t<div class=\"e-con-inner\">\n\t\t<div class=\"elementor-element elementor-element-87c6758 e-con-full e-flex e-con e-child\" data-id=\"87c6758\" data-element_type=\"container\" data-e-type=\"container\">\n\t\t\t\t<div class=\"elementor-element elementor-element-6bbd89e elementor-invisible elementor-widget elementor-widget-heading\" data-id=\"6bbd89e\" data-element_type=\"widget\" data-e-type=\"widget\" data-settings=\"{&quot;_animation&quot;:&quot;fadeIn&quot;,&quot;_animation_delay&quot;:50}\" data-widget_type=\"heading.default\">\n\t\t\t\t\t<h2 class=\"elementor-heading-title elementor-size-default\">in your home<\/h2>\t\t\t\t<\/div>\n\t\t\t\t<div class=\"elementor-element elementor-element-25f4cb9 eael-dual-header-content-align-left e-transform elementor-widget elementor-widget-eael-dual-color-header\" data-id=\"25f4cb9\" data-element_type=\"widget\" data-e-type=\"widget\" data-settings=\"{&quot;_transform_skewX_effect&quot;:{&quot;unit&quot;:&quot;px&quot;,&quot;size&quot;:&quot;&quot;,&quot;sizes&quot;:[]},&quot;_transform_skewX_effect_tablet&quot;:{&quot;unit&quot;:&quot;deg&quot;,&quot;size&quot;:&quot;&quot;,&quot;sizes&quot;:[]},&quot;_transform_skewX_effect_mobile&quot;:{&quot;unit&quot;:&quot;deg&quot;,&quot;size&quot;:&quot;&quot;,&quot;sizes&quot;:[]},&quot;_transform_skewY_effect&quot;:{&quot;unit&quot;:&quot;px&quot;,&quot;size&quot;:&quot;&quot;,&quot;sizes&quot;:[]},&quot;_transform_skewY_effect_tablet&quot;:{&quot;unit&quot;:&quot;deg&quot;,&quot;size&quot;:&quot;&quot;,&quot;sizes&quot;:[]},&quot;_transform_skewY_effect_mobile&quot;:{&quot;unit&quot;:&quot;deg&quot;,&quot;size&quot;:&quot;&quot;,&quot;sizes&quot;:[]}}\" data-widget_type=\"eael-dual-color-header.default\">\n\t\t\t\t\t\t\t\t<div class=\"eael-dual-header\">\n\t\t\t\t<h1 class=\"title eael-dch-title\"><span class=\"eael-dch-title-text eael-dch-title-lead lead solid-color\">\u00a1Hogar conectado,<br><\/span> <span class=\"eael-dch-title-text\">vida m\u00e1s f\u00e1cil!<\/span><\/h1>\t\t\t<\/div>\n\n\t\t\t\t\t\t<\/div>\n\t\t\t\t<div class=\"elementor-element elementor-element-2a6240c elementor-widget elementor-widget-text-editor\" data-id=\"2a6240c\" data-element_type=\"widget\" data-e-type=\"widget\" data-widget_type=\"text-editor.default\">\n\t\t\t\t\t\t\t\t\t<p>Todo lo que tu hogar necesita, enchufado al mejor precio. Electrodom\u00e9sticos que trabajan por ti<\/p>\t\t\t\t\t\t\t\t<\/div>\n\t\t\t\t<\/div>\n\t\t<div class=\"elementor-element elementor-element-3c2d066 e-con-full e-flex e-con e-child\" data-id=\"3c2d066\" data-element_type=\"container\" data-e-type=\"container\">\n\t\t\t\t<div class=\"elementor-element elementor-element-f21f23c elementor-flip-box--effect-fade elementor-widget elementor-widget-flip-box\" data-id=\"f21f23c\" data-element_type=\"widget\" data-e-type=\"widget\" data-widget_type=\"flip-box.default\">\n\t\t\t\t\t\t\t<div class=\"elementor-flip-box\" tabindex=\"0\">\n\t\t\t<div class=\"elementor-flip-box__layer elementor-flip-box__front\">\n\t\t\t\t<div class=\"elementor-flip-box__layer__overlay\">\n\t\t\t\t\t<div class=\"elementor-flip-box__layer__inner\">\n\t\t\t\t\t\t\n\t\t\t\t\t\t\n\t\t\t\t\t\t\t\t\t\t\t<\/div>\n\t\t\t\t<\/div>\n\t\t\t<\/div>\n\t\t\t<div class=\"elementor-flip-box__layer elementor-flip-box__back\">\n\t\t\t<div class=\"elementor-flip-box__layer__overlay\">\n\t\t\t\t<div class=\"elementor-flip-box__layer__inner\">\n\t\t\t\t\t\n\t\t\t\t\t\n\t\t\t\t\t\t\t\t<\/div>\n\t\t<\/div>\n\t\t<\/div>\n\t\t<\/div>\n\t\t\t\t\t\t<\/div>\n\t\t\t\t<\/div>\n\t\t\t\t\t<\/div>\n\t\t\t\t<\/div>\n\t\t\t\t<\/div>","protected":false},"excerpt":{"rendered":"<p>productos Nuestro Productos Nuestro almac\u00e9n de 2000 m2 se encuentra en Madrid, Espa\u00f1a, desde donde proveemos a toda Espa\u00f1a, Portugal, Francia, etc&#8230;. Nos orgullecemos de ser un equipo formado por profesionales totalmente cualificados para desempe\u00f1ar cada una de sus funciones. \u00a1Hogar inteligente, decisiones inteligentes! Cont\u00e1ctanos en tu hogar \u00a1Hogar conectado, vida m\u00e1s f\u00e1cil! Todo lo [&hellip;]<\/p>\n","protected":false},"author":1,"featured_media":0,"parent":0,"menu_order":0,"comment_status":"closed","ping_status":"closed","template":"elementor_canvas","meta":{"footnotes":""},"class_list":["post-6","page","type-page","status-publish","hentry"],"yoast_head":"<!-- This site is optimized with the Yoast SEO plugin v27.3 - https:\/\/yoast.com\/product\/yoast-seo-wordpress\/ -->\n<title>Servicios - Electronica MiraMax S.L<\/title>\n<meta name=\"robots\" content=\"index, follow, max-snippet:-1, max-image-preview:large, max-video-preview:-1\" \/>\n<link rel=\"canonical\" href=\"https:\/\/electronicamiramax.es\/en\/servicios\/\" \/>\n<meta property=\"og:locale\" content=\"en_GB\" \/>\n<meta property=\"og:type\" content=\"article\" \/>\n<meta property=\"og:title\" content=\"Servicios - Electronica MiraMax S.L\" \/>\n<meta property=\"og:description\" content=\"productos Nuestro Productos Nuestro almac\u00e9n de 2000 m2 se encuentra en Madrid, Espa\u00f1a, desde donde proveemos a toda Espa\u00f1a, Portugal, Francia, etc&#8230;. Nos orgullecemos de ser un equipo formado por profesionales totalmente cualificados para desempe\u00f1ar cada una de sus funciones. \u00a1Hogar inteligente, decisiones inteligentes! Cont\u00e1ctanos en tu hogar \u00a1Hogar conectado, vida m\u00e1s f\u00e1cil! Todo lo [&hellip;]\" \/>\n<meta property=\"og:url\" content=\"https:\/\/electronicamiramax.es\/en\/servicios\/\" \/>\n<meta property=\"og:site_name\" content=\"Electronica MiraMax S.L\" \/>\n<meta property=\"article:modified_time\" content=\"2025-11-14T11:56:27+00:00\" \/>\n<meta name=\"twitter:card\" content=\"summary_large_image\" \/>\n<script type=\"application\/ld+json\" class=\"yoast-schema-graph\">{\"@context\":\"https:\\\/\\\/schema.org\",\"@graph\":[{\"@type\":\"WebPage\",\"@id\":\"https:\\\/\\\/electronicamiramax.es\\\/servicios\\\/\",\"url\":\"https:\\\/\\\/electronicamiramax.es\\\/servicios\\\/\",\"name\":\"Servicios - Electronica MiraMax S.L\",\"isPartOf\":{\"@id\":\"https:\\\/\\\/electronicamiramax.es\\\/#website\"},\"datePublished\":\"2025-11-12T14:04:19+00:00\",\"dateModified\":\"2025-11-14T11:56:27+00:00\",\"breadcrumb\":{\"@id\":\"https:\\\/\\\/electronicamiramax.es\\\/servicios\\\/#breadcrumb\"},\"inLanguage\":\"en-GB\",\"potentialAction\":[{\"@type\":\"ReadAction\",\"target\":[\"https:\\\/\\\/electronicamiramax.es\\\/servicios\\\/\"]}]},{\"@type\":\"BreadcrumbList\",\"@id\":\"https:\\\/\\\/electronicamiramax.es\\\/servicios\\\/#breadcrumb\",\"itemListElement\":[{\"@type\":\"ListItem\",\"position\":1,\"name\":\"Portada\",\"item\":\"https:\\\/\\\/electronicamiramax.es\\\/\"},{\"@type\":\"ListItem\",\"position\":2,\"name\":\"Servicios\"}]},{\"@type\":\"WebSite\",\"@id\":\"https:\\\/\\\/electronicamiramax.es\\\/#website\",\"url\":\"https:\\\/\\\/electronicamiramax.es\\\/\",\"name\":\"Electronica MiraMax S.L\",\"description\":\"Electronica MiraMax S.L\",\"publisher\":{\"@id\":\"https:\\\/\\\/electronicamiramax.es\\\/#organization\"},\"potentialAction\":[{\"@type\":\"SearchAction\",\"target\":{\"@type\":\"EntryPoint\",\"urlTemplate\":\"https:\\\/\\\/electronicamiramax.es\\\/?s={search_term_string}\"},\"query-input\":{\"@type\":\"PropertyValueSpecification\",\"valueRequired\":true,\"valueName\":\"search_term_string\"}}],\"inLanguage\":\"en-GB\"},{\"@type\":\"Organization\",\"@id\":\"https:\\\/\\\/electronicamiramax.es\\\/#organization\",\"name\":\"Electronica MiraMax S.L\",\"url\":\"https:\\\/\\\/electronicamiramax.es\\\/\",\"logo\":{\"@type\":\"ImageObject\",\"inLanguage\":\"en-GB\",\"@id\":\"https:\\\/\\\/electronicamiramax.es\\\/#\\\/schema\\\/logo\\\/image\\\/\",\"url\":\"https:\\\/\\\/electronicamiramax.es\\\/wp-content\\\/uploads\\\/2025\\\/11\\\/miramax202510b_logo_web.png\",\"contentUrl\":\"https:\\\/\\\/electronicamiramax.es\\\/wp-content\\\/uploads\\\/2025\\\/11\\\/miramax202510b_logo_web.png\",\"width\":1080,\"height\":588,\"caption\":\"Electronica MiraMax S.L\"},\"image\":{\"@id\":\"https:\\\/\\\/electronicamiramax.es\\\/#\\\/schema\\\/logo\\\/image\\\/\"}}]}<\/script>\n<!-- \/ Yoast SEO plugin. -->","yoast_head_json":{"title":"Servicios - Electronica MiraMax S.L","robots":{"index":"index","follow":"follow","max-snippet":"max-snippet:-1","max-image-preview":"max-image-preview:large","max-video-preview":"max-video-preview:-1"},"canonical":"https:\/\/electronicamiramax.es\/en\/servicios\/","og_locale":"en_GB","og_type":"article","og_title":"Servicios - Electronica MiraMax S.L","og_description":"productos Nuestro Productos Nuestro almac\u00e9n de 2000 m2 se encuentra en Madrid, Espa\u00f1a, desde donde proveemos a toda Espa\u00f1a, Portugal, Francia, etc&#8230;. Nos orgullecemos de ser un equipo formado por profesionales totalmente cualificados para desempe\u00f1ar cada una de sus funciones. \u00a1Hogar inteligente, decisiones inteligentes! Cont\u00e1ctanos en tu hogar \u00a1Hogar conectado, vida m\u00e1s f\u00e1cil! Todo lo [&hellip;]","og_url":"https:\/\/electronicamiramax.es\/en\/servicios\/","og_site_name":"Electronica MiraMax S.L","article_modified_time":"2025-11-14T11:56:27+00:00","twitter_card":"summary_large_image","schema":{"@context":"https:\/\/schema.org","@graph":[{"@type":"WebPage","@id":"https:\/\/electronicamiramax.es\/servicios\/","url":"https:\/\/electronicamiramax.es\/servicios\/","name":"Servicios - Electronica MiraMax S.L","isPartOf":{"@id":"https:\/\/electronicamiramax.es\/#website"},"datePublished":"2025-11-12T14:04:19+00:00","dateModified":"2025-11-14T11:56:27+00:00","breadcrumb":{"@id":"https:\/\/electronicamiramax.es\/servicios\/#breadcrumb"},"inLanguage":"en-GB","potentialAction":[{"@type":"ReadAction","target":["https:\/\/electronicamiramax.es\/servicios\/"]}]},{"@type":"BreadcrumbList","@id":"https:\/\/electronicamiramax.es\/servicios\/#breadcrumb","itemListElement":[{"@type":"ListItem","position":1,"name":"Portada","item":"https:\/\/electronicamiramax.es\/"},{"@type":"ListItem","position":2,"name":"Servicios"}]},{"@type":"WebSite","@id":"https:\/\/electronicamiramax.es\/#website","url":"https:\/\/electronicamiramax.es\/","name":"Electronica MiraMax S.L","description":"Electronica MiraMax S.L","publisher":{"@id":"https:\/\/electronicamiramax.es\/#organization"},"potentialAction":[{"@type":"SearchAction","target":{"@type":"EntryPoint","urlTemplate":"https:\/\/electronicamiramax.es\/?s={search_term_string}"},"query-input":{"@type":"PropertyValueSpecification","valueRequired":true,"valueName":"search_term_string"}}],"inLanguage":"en-GB"},{"@type":"Organization","@id":"https:\/\/electronicamiramax.es\/#organization","name":"Electronica MiraMax S.L","url":"https:\/\/electronicamiramax.es\/","logo":{"@type":"ImageObject","inLanguage":"en-GB","@id":"https:\/\/electronicamiramax.es\/#\/schema\/logo\/image\/","url":"https:\/\/electronicamiramax.es\/wp-content\/uploads\/2025\/11\/miramax202510b_logo_web.png","contentUrl":"https:\/\/electronicamiramax.es\/wp-content\/uploads\/2025\/11\/miramax202510b_logo_web.png","width":1080,"height":588,"caption":"Electronica MiraMax S.L"},"image":{"@id":"https:\/\/electronicamiramax.es\/#\/schema\/logo\/image\/"}}]}},"_links":{"self":[{"href":"https:\/\/electronicamiramax.es\/en\/wp-json\/wp\/v2\/pages\/6","targetHints":{"allow":["GET"]}}],"collection":[{"href":"https:\/\/electronicamiramax.es\/en\/wp-json\/wp\/v2\/pages"}],"about":[{"href":"https:\/\/electronicamiramax.es\/en\/wp-json\/wp\/v2\/types\/page"}],"author":[{"embeddable":true,"href":"https:\/\/electronicamiramax.es\/en\/wp-json\/wp\/v2\/users\/1"}],"replies":[{"embeddable":true,"href":"https:\/\/electronicamiramax.es\/en\/wp-json\/wp\/v2\/comments?post=6"}],"version-history":[{"count":97,"href":"https:\/\/electronicamiramax.es\/en\/wp-json\/wp\/v2\/pages\/6\/revisions"}],"predecessor-version":[{"id":888,"href":"https:\/\/electronicamiramax.es\/en\/wp-json\/wp\/v2\/pages\/6\/revisions\/888"}],"wp:attachment":[{"href":"https:\/\/electronicamiramax.es\/en\/wp-json\/wp\/v2\/media?parent=6"}],"curies":[{"name":"wp","href":"https:\/\/api.w.org\/{rel}","templated":true}]}}